{"id":21,"date":"2019-12-16T13:55:20","date_gmt":"2019-12-16T15:55:20","guid":{"rendered":"http:\/\/hvet.fimca.com.br\/gerenciador\/?page_id=21"},"modified":"2019-12-27T14:44:57","modified_gmt":"2019-12-27T16:44:57","slug":"contato","status":"publish","type":"page","link":"http:\/\/hvet.fimca.com.br\/gerenciador\/contato\/","title":{"rendered":"Contato"},"content":{"rendered":"\n<p>O Hospital Veterin\u00e1rio FIMCA \u2013 Hvet \u00e9 uma cl\u00ednica-escola com o objetivo de realizar atendimentos a animais de pequeno, m\u00e9dio e grande porte. Os atendimentos s\u00e3o realizados a comunidade 24h por dia com valores acess\u00edveis. Para efetivar o cadastro s\u00e3o necess\u00e1rios documentos como RG e CPF, al\u00e9m do cart\u00e3o de vacina\u00e7\u00e3o do animal.<\/p>\n\n\n\n<p>O Hvet possui uma equipe com 25 colaboradores em seu quadro, desde de patologia cl\u00ednica, ortopedia, cardiologia, dermatologia, cirurgia e neurologia que realizam diversos procedimentos: consultas, exames laboratoriais, exames de raio X e ultrassom, vacina\u00e7\u00e3o, cirurgias, interna\u00e7\u00e3o e medica\u00e7\u00e3o. Aos finais de semana e feriados, s\u00e3o praticados valores de plant\u00e3o.<\/p>\n\n\n\n<p>Todos os atendimentos no Hvet s\u00e3o realizados por ordem de chegada. P<strong>ara realizar o cadastro s\u00e3o necess\u00e1rios os documentos RG, CPF e a carteira de vacina\u00e7\u00e3o do animal a ser consultado.<\/strong><\/p>\n\n\n\n<p>Ficou com d\u00favida ou quer fazer um elogio? Use o formul\u00e1rio abaixo:<\/p>\n","protected":false},"excerpt":{"rendered":"<p>O Hospital Veterin\u00e1rio FIMCA \u2013 Hvet \u00e9 uma cl\u00ednica-escola com o objetivo de realizar atendimentos a animais de pequeno, m\u00e9dio e grande porte. Os atendimentos s\u00e3o realizados a comunidade 24h por dia com valores acess\u00edveis. Para efetivar o cadastro s\u00e3o necess\u00e1rios documentos como RG e CPF, al\u00e9m do cart\u00e3o de vacina\u00e7\u00e3o do animal. O Hvet [&hellip;]<\/p>\n","protected":false},"author":1,"featured_media":0,"parent":0,"menu_order":5,"comment_status":"closed","ping_status":"closed","template":"","meta":[],"yoast_head":"<!-- This site is optimized with the Yoast SEO plugin v17.4 - https:\/\/yoast.com\/wordpress\/plugins\/seo\/ -->\n<title>Contato - Hospital Veterin\u00e1rio<\/title>\n<meta name=\"robots\" content=\"index, follow, max-snippet:-1, max-image-preview:large, max-video-preview:-1\" \/>\n<link rel=\"canonical\" href=\"https:\/\/hvet.fimca.com.br\/gerenciador\/contato\/\" \/>\n<meta property=\"og:locale\" content=\"pt_BR\" \/>\n<meta property=\"og:type\" content=\"article\" \/>\n<meta property=\"og:title\" content=\"Contato - Hospital Veterin\u00e1rio\" \/>\n<meta property=\"og:description\" content=\"O Hospital Veterin\u00e1rio FIMCA \u2013 Hvet \u00e9 uma cl\u00ednica-escola com o objetivo de realizar atendimentos a animais de pequeno, m\u00e9dio e grande porte. Os atendimentos s\u00e3o realizados a comunidade 24h por dia com valores acess\u00edveis. Para efetivar o cadastro s\u00e3o necess\u00e1rios documentos como RG e CPF, al\u00e9m do cart\u00e3o de vacina\u00e7\u00e3o do animal. O Hvet [&hellip;]\" \/>\n<meta property=\"og:url\" content=\"https:\/\/hvet.fimca.com.br\/gerenciador\/contato\/\" \/>\n<meta property=\"og:site_name\" content=\"Hospital Veterin\u00e1rio\" \/>\n<meta property=\"article:modified_time\" content=\"2019-12-27T16:44:57+00:00\" \/>\n<meta name=\"twitter:card\" content=\"summary_large_image\" \/>\n<meta name=\"twitter:label1\" content=\"Est. tempo de leitura\" \/>\n\t<meta name=\"twitter:data1\" content=\"1 minuto\" \/>\n<script type=\"application\/ld+json\" class=\"yoast-schema-graph\">{\"@context\":\"https:\/\/schema.org\",\"@graph\":[{\"@type\":\"WebSite\",\"@id\":\"https:\/\/hvet.fimca.com.br\/gerenciador\/#website\",\"url\":\"https:\/\/hvet.fimca.com.br\/gerenciador\/\",\"name\":\"Hospital Veterin\\u00e1rio\",\"description\":\"S\\u00f3 mais um site WordPress\",\"potentialAction\":[{\"@type\":\"SearchAction\",\"target\":{\"@type\":\"EntryPoint\",\"urlTemplate\":\"https:\/\/hvet.fimca.com.br\/gerenciador\/?s={search_term_string}\"},\"query-input\":\"required name=search_term_string\"}],\"inLanguage\":\"pt-BR\"},{\"@type\":\"WebPage\",\"@id\":\"https:\/\/hvet.fimca.com.br\/gerenciador\/contato\/#webpage\",\"url\":\"https:\/\/hvet.fimca.com.br\/gerenciador\/contato\/\",\"name\":\"Contato - Hospital Veterin\\u00e1rio\",\"isPartOf\":{\"@id\":\"https:\/\/hvet.fimca.com.br\/gerenciador\/#website\"},\"datePublished\":\"2019-12-16T15:55:20+00:00\",\"dateModified\":\"2019-12-27T16:44:57+00:00\",\"breadcrumb\":{\"@id\":\"https:\/\/hvet.fimca.com.br\/gerenciador\/contato\/#breadcrumb\"},\"inLanguage\":\"pt-BR\",\"potentialAction\":[{\"@type\":\"ReadAction\",\"target\":[\"https:\/\/hvet.fimca.com.br\/gerenciador\/contato\/\"]}]},{\"@type\":\"BreadcrumbList\",\"@id\":\"https:\/\/hvet.fimca.com.br\/gerenciador\/contato\/#breadcrumb\",\"itemListElement\":[{\"@type\":\"ListItem\",\"position\":1,\"name\":\"In\\u00edcio\",\"item\":\"https:\/\/hvet.fimca.com.br\/gerenciador\/\"},{\"@type\":\"ListItem\",\"position\":2,\"name\":\"Contato\"}]}]}<\/script>\n<!-- \/ Yoast SEO plugin. -->","yoast_head_json":{"title":"Contato - Hospital Veterin\u00e1rio","robots":{"index":"index","follow":"follow","max-snippet":"max-snippet:-1","max-image-preview":"max-image-preview:large","max-video-preview":"max-video-preview:-1"},"canonical":"https:\/\/hvet.fimca.com.br\/gerenciador\/contato\/","og_locale":"pt_BR","og_type":"article","og_title":"Contato - Hospital Veterin\u00e1rio","og_description":"O Hospital Veterin\u00e1rio FIMCA \u2013 Hvet \u00e9 uma cl\u00ednica-escola com o objetivo de realizar atendimentos a animais de pequeno, m\u00e9dio e grande porte. Os atendimentos s\u00e3o realizados a comunidade 24h por dia com valores acess\u00edveis. Para efetivar o cadastro s\u00e3o necess\u00e1rios documentos como RG e CPF, al\u00e9m do cart\u00e3o de vacina\u00e7\u00e3o do animal. O Hvet [&hellip;]","og_url":"https:\/\/hvet.fimca.com.br\/gerenciador\/contato\/","og_site_name":"Hospital Veterin\u00e1rio","article_modified_time":"2019-12-27T16:44:57+00:00","twitter_card":"summary_large_image","twitter_misc":{"Est. tempo de leitura":"1 minuto"},"schema":{"@context":"https:\/\/schema.org","@graph":[{"@type":"WebSite","@id":"https:\/\/hvet.fimca.com.br\/gerenciador\/#website","url":"https:\/\/hvet.fimca.com.br\/gerenciador\/","name":"Hospital Veterin\u00e1rio","description":"S\u00f3 mais um site WordPress","potentialAction":[{"@type":"SearchAction","target":{"@type":"EntryPoint","urlTemplate":"https:\/\/hvet.fimca.com.br\/gerenciador\/?s={search_term_string}"},"query-input":"required name=search_term_string"}],"inLanguage":"pt-BR"},{"@type":"WebPage","@id":"https:\/\/hvet.fimca.com.br\/gerenciador\/contato\/#webpage","url":"https:\/\/hvet.fimca.com.br\/gerenciador\/contato\/","name":"Contato - Hospital Veterin\u00e1rio","isPartOf":{"@id":"https:\/\/hvet.fimca.com.br\/gerenciador\/#website"},"datePublished":"2019-12-16T15:55:20+00:00","dateModified":"2019-12-27T16:44:57+00:00","breadcrumb":{"@id":"https:\/\/hvet.fimca.com.br\/gerenciador\/contato\/#breadcrumb"},"inLanguage":"pt-BR","potentialAction":[{"@type":"ReadAction","target":["https:\/\/hvet.fimca.com.br\/gerenciador\/contato\/"]}]},{"@type":"BreadcrumbList","@id":"https:\/\/hvet.fimca.com.br\/gerenciador\/contato\/#breadcrumb","itemListElement":[{"@type":"ListItem","position":1,"name":"In\u00edcio","item":"https:\/\/hvet.fimca.com.br\/gerenciador\/"},{"@type":"ListItem","position":2,"name":"Contato"}]}]}},"_links":{"self":[{"href":"http:\/\/hvet.fimca.com.br\/gerenciador\/wp-json\/wp\/v2\/pages\/21"}],"collection":[{"href":"http:\/\/hvet.fimca.com.br\/gerenciador\/wp-json\/wp\/v2\/pages"}],"about":[{"href":"http:\/\/hvet.fimca.com.br\/gerenciador\/wp-json\/wp\/v2\/types\/page"}],"author":[{"embeddable":true,"href":"http:\/\/hvet.fimca.com.br\/gerenciador\/wp-json\/wp\/v2\/users\/1"}],"replies":[{"embeddable":true,"href":"http:\/\/hvet.fimca.com.br\/gerenciador\/wp-json\/wp\/v2\/comments?post=21"}],"version-history":[{"count":2,"href":"http:\/\/hvet.fimca.com.br\/gerenciador\/wp-json\/wp\/v2\/pages\/21\/revisions"}],"predecessor-version":[{"id":330,"href":"http:\/\/hvet.fimca.com.br\/gerenciador\/wp-json\/wp\/v2\/pages\/21\/revisions\/330"}],"wp:attachment":[{"href":"http:\/\/hvet.fimca.com.br\/gerenciador\/wp-json\/wp\/v2\/media?parent=21"}],"curies":[{"name":"wp","href":"https:\/\/api.w.org\/{rel}","templated":true}]}}